{"id":5612,"date":"2024-02-25T10:37:15","date_gmt":"2024-02-25T10:37:15","guid":{"rendered":"https:\/\/1institalastation.be\/?page_id=5612"},"modified":"2024-02-25T10:37:15","modified_gmt":"2024-02-25T10:37:15","slug":"charte-de-cyber-courtoisie","status":"publish","type":"page","link":"https:\/\/1institalastation.be\/?page_id=5612","title":{"rendered":"Charte de Cyber courtoisie"},"content":{"rendered":"\n<p>Ce blog a pour vocation de partager des ressources p\u00e9dagogiques ou li\u00e9es au m\u00e9tier d\u2019enseignant dont je suis l\u2019auteur, bien que ces ressources puissent s\u2019appuyer sur le travail d\u2019autrui (livres, m\u00e9thodes, articles, etc.). En suivant cette charte, j\u2019affiche mon respect et ma reconnaissance envers ces personnes et leur travail.&nbsp;<\/p>\n\n\n<div class=\"wp-block-image\">\n<figure class=\"aligncenter\"><img loading=\"lazy\" decoding=\"async\" width=\"300\" height=\"86\" src=\"https:\/\/1institalastation.be\/wp-content\/uploads\/2019\/07\/LOGO-CYBERCOURTOISIE-horizontal-300x86.png\" alt=\"\" class=\"wp-image-5610\" srcset=\"https:\/\/1institalastation.be\/wp-content\/uploads\/2019\/07\/LOGO-CYBERCOURTOISIE-horizontal-300x86.png 300w, https:\/\/1institalastation.be\/wp-content\/uploads\/2019\/07\/LOGO-CYBERCOURTOISIE-horizontal.png 700w\" sizes=\"auto, (max-width: 300px) 100vw, 300px\" \/><\/figure>\n<\/div>\n\n\n<h3 class=\"wp-block-heading has-medium-font-size\">ARTICLE 1<\/h3>\n\n\n\n<p>Je m\u2019efforce de citer mes sources, blog (ou site), auteur et lien \u00e0 l\u2019appui, lorsque je m\u2019inspire du travail d\u2019un autre, m\u00eame si ma production finale s\u2019en \u00e9loigne. C\u2019est ainsi qu\u2019\u00e9voluent les id\u00e9es.<\/p>\n\n\n\n<p>Si je ne connais pas l\u2019auteur de la ressource qui m\u2019a inspir\u00e9, j\u2019essaye de faire des recherches pour le retrouver afin de pouvoir le citer.<\/p>\n\n\n\n<h3 class=\"wp-block-heading has-medium-font-size\">ARTICLE 2<\/h3>\n\n\n\n<p>Je ne partage pas directement, ni sur mon blog, ni sur les r\u00e9seaux, un document qui n\u2019est pas le mien, sauf accord explicite de l\u2019auteur. Sinon, je redirige le visiteur vers sa source.<\/p>\n\n\n\n<p>Lorsque mon travail ne consiste qu\u2019en une remise en page ou une am\u00e9lioration d\u2019ordre esth\u00e9tique d\u2019une id\u00e9e originale propre \u00e0 un autre blogueur ou auteur identifiable, je demande l\u2019autorisation avant de partager mon travail.&nbsp;<\/p>\n\n\n\n<p class=\"has-medium-font-size\"><strong>ARTICLE 3<\/strong><\/p>\n\n\n\n<p>En cas d\u2019impair de ma part ou d\u2019un autre, j\u2019\u00e9change courtoisement afin de trouver une solution. En premi\u00e8re intention, je pr\u00e9f\u00e8re contacter directement la personne concern\u00e9e et lui donne l\u2019opportunit\u00e9 d\u2019expliquer sa d\u00e9marche.<\/p>\n\n\n\n<p>Si vous aussi vous adh\u00e9rez \u00e0 ces principes de cybercourtoisie et souhaitez diffuser la charte sur votre blog, vous pouvez copier-coller le texte ci-dessus (sans le modifier) ainsi que les diff\u00e9rents visuels du logo Cybercourtoisie dont voici&nbsp;<a href=\"https:\/\/drive.google.com\/open?id=1uV3N8mcKS91_FOci2dh_ucUrxpyOAIA1\">le lien<\/a>. Vous pourrez ainsi r\u00e9aliser un article pr\u00e9sentant votre adh\u00e9sion \u00e0 ces principes, cr\u00e9er une page fixe avec le texte de la charte et apposer le logo sur votre blog.<\/p>\n\n\n\n<p>\u00a0<\/p>\n\n\n\n<p><a target=\"_blank\" href=\"https:\/\/www.facebook.com\/sharer\/sharer.php?u=https:\/\/1institalastation.be\/?p=91\" rel=\"noreferrer noopener\">&nbsp;<\/a><a target=\"_blank\" href=\"https:\/\/pinterest.com\/pin\/create\/button\/?url=https:\/\/1institalastation.be\/?p=91&amp;media=&amp;description=Charte%20de%20cybercourtoisie\" rel=\"noreferrer noopener\"><\/a><\/p>\n\n\n\n<p><a href=\"https:\/\/1institalastation.be\/?p=143\"><\/a><\/p>\n\n\n\n<p><\/p>\n","protected":false},"excerpt":{"rendered":"<p>Ce blog a pour vocation de partager des ressources p\u00e9dagogiques ou li\u00e9es au m\u00e9tier d\u2019enseignant dont je suis l\u2019auteur, bien que ces ressources puissent s\u2019appuyer sur le travail d\u2019autrui (livres, m\u00e9thodes, articles, etc.). En suivant cette charte, j\u2019affiche mon respect et ma reconnaissance envers ces personnes et leur travail.&nbsp; ARTICLE 1 Je m\u2019efforce de citer mes sources, blog (ou site), auteur et lien \u00e0 l\u2019appui, lorsque je m\u2019inspire du travail d\u2019un autre, m\u00eame si ma production finale s\u2019en \u00e9loigne. C\u2019est ainsi qu\u2019\u00e9voluent les id\u00e9es. Si je ne connais pas l\u2019auteur de la ressource qui m\u2019a inspir\u00e9, j\u2019essaye de faire des recherches pour le retrouver afin de pouvoir le citer. ARTICLE 2 Je ne partage pas directement, ni sur mon blog, ni sur les r\u00e9seaux, un document qui n\u2019est pas le mien, sauf accord explicite de l\u2019auteur. Sinon, je redirige le visiteur vers sa source. Lorsque mon travail ne consiste qu\u2019en une remise en page ou une am\u00e9lioration d\u2019ordre esth\u00e9tique d\u2019une id\u00e9e originale propre \u00e0 un autre blogueur ou auteur identifiable, je demande l\u2019autorisation avant de partager mon travail.&nbsp; ARTICLE 3 En cas d\u2019impair de ma part ou d\u2019un autre, j\u2019\u00e9change courtoisement afin de trouver une solution. En premi\u00e8re intention, je pr\u00e9f\u00e8re contacter directement la personne concern\u00e9e et lui donne l\u2019opportunit\u00e9 d\u2019expliquer sa d\u00e9marche. Si vous aussi vous adh\u00e9rez \u00e0 ces principes de cybercourtoisie et souhaitez diffuser la charte sur votre blog, vous pouvez copier-coller le texte ci-dessus (sans le modifier) ainsi que les diff\u00e9rents visuels du logo Cybercourtoisie dont voici&nbsp;le lien. Vous pourrez ainsi r\u00e9aliser un article pr\u00e9sentant votre adh\u00e9sion \u00e0 ces principes, cr\u00e9er une page fixe avec le texte de la charte et apposer le logo sur votre blog. \u00a0 &nbsp;<\/p>\n","protected":false},"author":1,"featured_media":0,"parent":0,"menu_order":0,"comment_status":"closed","ping_status":"closed","template":"","meta":{"footnotes":""},"class_list":["post-5612","page","type-page","status-publish","hentry"],"acf":[],"_links":{"self":[{"href":"https:\/\/1institalastation.be\/index.php?rest_route=\/wp\/v2\/pages\/5612","targetHints":{"allow":["GET"]}}],"collection":[{"href":"https:\/\/1institalastation.be\/index.php?rest_route=\/wp\/v2\/pages"}],"about":[{"href":"https:\/\/1institalastation.be\/index.php?rest_route=\/wp\/v2\/types\/page"}],"author":[{"embeddable":true,"href":"https:\/\/1institalastation.be\/index.php?rest_route=\/wp\/v2\/users\/1"}],"replies":[{"embeddable":true,"href":"https:\/\/1institalastation.be\/index.php?rest_route=%2Fwp%2Fv2%2Fcomments&post=5612"}],"version-history":[{"count":1,"href":"https:\/\/1institalastation.be\/index.php?rest_route=\/wp\/v2\/pages\/5612\/revisions"}],"predecessor-version":[{"id":5615,"href":"https:\/\/1institalastation.be\/index.php?rest_route=\/wp\/v2\/pages\/5612\/revisions\/5615"}],"wp:attachment":[{"href":"https:\/\/1institalastation.be\/index.php?rest_route=%2Fwp%2Fv2%2Fmedia&parent=5612"}],"curies":[{"name":"wp","href":"https:\/\/api.w.org\/{rel}","templated":true}]}}