{"id":2399,"date":"2020-04-24T20:29:03","date_gmt":"2020-04-24T20:29:03","guid":{"rendered":"https:\/\/1institalastation.be\/?page_id=2399"},"modified":"2020-04-24T20:29:03","modified_gmt":"2020-04-24T20:29:03","slug":"activites-pratiques-complexes","status":"publish","type":"page","link":"https:\/\/1institalastation.be\/?page_id=2399","title":{"rendered":"Activit\u00e9s pratiques \u00ab\u00a0complexes\u00a0\u00bb"},"content":{"rendered":"\n<p>Activit\u00e9s pratiques \u00ab&nbsp;complexes&nbsp;\u00bb<\/p>\n\n\n\n<p><strong>==&gt;catalyseur du d\u00e9veloppement des comp\u00e9tences ex\u00e9cutifs.&nbsp;<\/strong><\/p>\n\n\n\n<ul class=\"wp-block-list\"><li>Faire les poussi\u00e8res<\/li><li>Coudre<\/li><li>Laver du linge&nbsp;<\/li><li>Laver une table&nbsp;: mettre un tablier&nbsp;; invitez-le \u00e0 nommer tous les objets de l\u2019activit\u00e9. Grande suite d\u2019activit\u00e9s qui sont propos\u00e9es dans un ordre logique.<\/li><li>Laver les vitres&nbsp;: ajouter des \u00e9tapes qui complexifient la t\u00e2che pour que ce ne soit pas trop simple.<\/li><li>Laver les feuilles dans la cour<\/li><li>Aller nourrir les poules<\/li><li>Soigner les plantes<\/li><li>Cadre d\u2019habillage&nbsp;: exercer des t\u00e2ches complexes et qui doivent \u00eatre avec un soutien au quotidien dans la classe.&nbsp;<\/li><\/ul>\n","protected":false},"excerpt":{"rendered":"<p>Activit\u00e9s pratiques \u00ab&nbsp;complexes&nbsp;\u00bb ==&gt;catalyseur du d\u00e9veloppement des comp\u00e9tences ex\u00e9cutifs.&nbsp; Faire les poussi\u00e8res Coudre Laver du linge&nbsp; Laver une table&nbsp;: mettre un tablier&nbsp;; invitez-le \u00e0 nommer tous les objets de l\u2019activit\u00e9. Grande suite d\u2019activit\u00e9s qui sont propos\u00e9es dans un ordre logique. Laver les vitres&nbsp;: ajouter des \u00e9tapes qui complexifient la t\u00e2che pour que ce ne soit pas trop simple. Laver les feuilles dans la cour Aller nourrir les poules Soigner les plantes Cadre d\u2019habillage&nbsp;: exercer des t\u00e2ches complexes et qui doivent \u00eatre avec un soutien au quotidien dans la classe.&nbsp;<\/p>\n","protected":false},"author":1,"featured_media":0,"parent":0,"menu_order":0,"comment_status":"closed","ping_status":"closed","template":"","meta":{"footnotes":""},"class_list":["post-2399","page","type-page","status-publish","hentry"],"acf":[],"_links":{"self":[{"href":"https:\/\/1institalastation.be\/index.php?rest_route=\/wp\/v2\/pages\/2399","targetHints":{"allow":["GET"]}}],"collection":[{"href":"https:\/\/1institalastation.be\/index.php?rest_route=\/wp\/v2\/pages"}],"about":[{"href":"https:\/\/1institalastation.be\/index.php?rest_route=\/wp\/v2\/types\/page"}],"author":[{"embeddable":true,"href":"https:\/\/1institalastation.be\/index.php?rest_route=\/wp\/v2\/users\/1"}],"replies":[{"embeddable":true,"href":"https:\/\/1institalastation.be\/index.php?rest_route=%2Fwp%2Fv2%2Fcomments&post=2399"}],"version-history":[{"count":0,"href":"https:\/\/1institalastation.be\/index.php?rest_route=\/wp\/v2\/pages\/2399\/revisions"}],"wp:attachment":[{"href":"https:\/\/1institalastation.be\/index.php?rest_route=%2Fwp%2Fv2%2Fmedia&parent=2399"}],"curies":[{"name":"wp","href":"https:\/\/api.w.org\/{rel}","templated":true}]}}