{"id":2375,"date":"2020-04-24T19:46:44","date_gmt":"2020-04-24T19:46:44","guid":{"rendered":"https:\/\/1institalastation.be\/?page_id=2375"},"modified":"2020-04-24T19:46:45","modified_gmt":"2020-04-24T19:46:45","slug":"presentation-de-lespace-sensoriel","status":"publish","type":"page","link":"https:\/\/1institalastation.be\/?page_id=2375","title":{"rendered":"Pr\u00e9sentation de l&rsquo;espace sensoriel"},"content":{"rendered":"\n<p>Voici les ateliers de vie pratique qui sont disponibles dans la 3eme classe.. On y retrouve les ateliers pour les 3 niveaux d&rsquo;\u00e2ge.<\/p>\n\n\n\n<figure class=\"wp-block-embed-vimeo wp-block-embed is-type-video is-provider-vimeo wp-embed-aspect-9-16 wp-has-aspect-ratio\"><div class=\"wp-block-embed__wrapper\">\n<iframe loading=\"lazy\" title=\"Espace sensoriel et g&amp;eacute;ographique 1\" src=\"https:\/\/player.vimeo.com\/video\/411460536?dnt=1&amp;app_id=122963\" width=\"563\" height=\"1000\" frameborder=\"0\" allow=\"autoplay; fullscreen\" allowfullscreen><\/iframe>\n<\/div><\/figure>\n\n\n\n<figure class=\"wp-block-embed-vimeo wp-block-embed is-type-video is-provider-vimeo wp-embed-aspect-9-16 wp-has-aspect-ratio\"><div class=\"wp-block-embed__wrapper\">\n<iframe loading=\"lazy\" title=\"espace sensoriel et g&amp;eacute;ographique 2\" src=\"https:\/\/player.vimeo.com\/video\/411478717?dnt=1&amp;app_id=122963\" width=\"563\" height=\"1000\" frameborder=\"0\" allow=\"autoplay; fullscreen\" allowfullscreen><\/iframe>\n<\/div><\/figure>\n\n\n\n<p>Je vous les pr\u00e9sente une \u00e0 une &#8230;<\/p>\n\n\n\n<div class=\"wp-block-image is-style-rounded\"><figure class=\"aligncenter\"><img decoding=\"async\" src=\"https:\/\/1institalastation.be\/wp-content\/uploads\/2019\/09\/Capture-d%E2%80%99%C3%A9cran-2019-11-12-%C3%A0-23.06.49-300x191.png\" alt=\"L\u2019attribut alt de cette image est vide, son nom de fichier est Capture-d\u2019\u00e9cran-2019-11-12-\u00e0-23.06.49-300x191.png.\"\/><\/figure><\/div>\n\n\n\n<div class=\"wp-block-image is-style-rounded\"><figure class=\"aligncenter\"><img decoding=\"async\" src=\"https:\/\/1institalastation.be\/wp-content\/uploads\/2019\/09\/Capture-d%E2%80%99%C3%A9cran-2019-11-12-%C3%A0-23.07.09-201x300.png\" alt=\"L\u2019attribut alt de cette image est vide, son nom de fichier est Capture-d\u2019\u00e9cran-2019-11-12-\u00e0-23.07.09-201x300.png.\"\/><\/figure><\/div>\n","protected":false},"excerpt":{"rendered":"<p>Voici les ateliers de vie pratique qui sont disponibles dans la 3eme classe.. On y retrouve les ateliers pour les 3 niveaux d&rsquo;\u00e2ge. Je vous les pr\u00e9sente une \u00e0 une &#8230;<\/p>\n","protected":false},"author":1,"featured_media":0,"parent":0,"menu_order":0,"comment_status":"closed","ping_status":"closed","template":"","meta":{"footnotes":""},"class_list":["post-2375","page","type-page","status-publish","hentry"],"acf":[],"_links":{"self":[{"href":"https:\/\/1institalastation.be\/index.php?rest_route=\/wp\/v2\/pages\/2375","targetHints":{"allow":["GET"]}}],"collection":[{"href":"https:\/\/1institalastation.be\/index.php?rest_route=\/wp\/v2\/pages"}],"about":[{"href":"https:\/\/1institalastation.be\/index.php?rest_route=\/wp\/v2\/types\/page"}],"author":[{"embeddable":true,"href":"https:\/\/1institalastation.be\/index.php?rest_route=\/wp\/v2\/users\/1"}],"replies":[{"embeddable":true,"href":"https:\/\/1institalastation.be\/index.php?rest_route=%2Fwp%2Fv2%2Fcomments&post=2375"}],"version-history":[{"count":0,"href":"https:\/\/1institalastation.be\/index.php?rest_route=\/wp\/v2\/pages\/2375\/revisions"}],"wp:attachment":[{"href":"https:\/\/1institalastation.be\/index.php?rest_route=%2Fwp%2Fv2%2Fmedia&parent=2375"}],"curies":[{"name":"wp","href":"https:\/\/api.w.org\/{rel}","templated":true}]}}