{"id":2356,"date":"2020-04-24T17:31:47","date_gmt":"2020-04-24T17:31:47","guid":{"rendered":"https:\/\/1institalastation.be\/?page_id=2356"},"modified":"2020-04-24T19:20:51","modified_gmt":"2020-04-24T19:20:51","slug":"presentation-de-lorganisation-des-ateliers-mathematiques","status":"publish","type":"page","link":"https:\/\/1institalastation.be\/?page_id=2356","title":{"rendered":"Pr\u00e9sentation de l&rsquo;espace math\u00e9matique"},"content":{"rendered":"\n<p>Voici une vid\u00e9o qui vous explique comment nous avons agenc\u00e9 les ateliers math\u00e9matiques .. Pour rappel, ce sont les ateliers pour les 4 niveaux et les 60 enfants&#8230; Ils sont rang\u00e9s par sous domaine et par le niveau de difficult\u00e9.<\/p>\n\n\n\n<figure><iframe loading=\"lazy\" src=\"\/\/player.vimeo.com\/video\/347772671?title=0&amp;byline=0&amp;portrait=0&amp;color=8dc7dc\" width=\"425\" height=\"350\"><\/iframe><\/figure>\n\n\n\n<figure class=\"wp-block-image\"><img decoding=\"async\" src=\"https:\/\/lewebpedagogique.com\/1institalastation\/files\/2019\/07\/IMG_6131-e1562951031867-768x1024.jpg\" alt=\"\" class=\"wp-image-416\"\/><\/figure>\n\n\n\n<figure class=\"wp-block-image\"><img decoding=\"async\" src=\"https:\/\/lewebpedagogique.com\/1institalastation\/files\/2019\/07\/IMG_6132-e1562951056687-768x1024.jpg\" alt=\"\" class=\"wp-image-417\"\/><\/figure>\n\n\n\n<figure class=\"wp-block-image\"><img decoding=\"async\" src=\"https:\/\/lewebpedagogique.com\/1institalastation\/files\/2019\/07\/IMG_6133-e1562951105736-768x1024.jpg\" alt=\"\" class=\"wp-image-418\"\/><\/figure>\n","protected":false},"excerpt":{"rendered":"<p>Voici une vid\u00e9o qui vous explique comment nous avons agenc\u00e9 les ateliers math\u00e9matiques .. Pour rappel, ce sont les ateliers pour les 4 niveaux et les 60 enfants&#8230; Ils sont rang\u00e9s par sous domaine et par le niveau de difficult\u00e9.<\/p>\n","protected":false},"author":1,"featured_media":0,"parent":0,"menu_order":0,"comment_status":"closed","ping_status":"closed","template":"","meta":{"footnotes":""},"class_list":["post-2356","page","type-page","status-publish","hentry"],"acf":[],"_links":{"self":[{"href":"https:\/\/1institalastation.be\/index.php?rest_route=\/wp\/v2\/pages\/2356","targetHints":{"allow":["GET"]}}],"collection":[{"href":"https:\/\/1institalastation.be\/index.php?rest_route=\/wp\/v2\/pages"}],"about":[{"href":"https:\/\/1institalastation.be\/index.php?rest_route=\/wp\/v2\/types\/page"}],"author":[{"embeddable":true,"href":"https:\/\/1institalastation.be\/index.php?rest_route=\/wp\/v2\/users\/1"}],"replies":[{"embeddable":true,"href":"https:\/\/1institalastation.be\/index.php?rest_route=%2Fwp%2Fv2%2Fcomments&post=2356"}],"version-history":[{"count":0,"href":"https:\/\/1institalastation.be\/index.php?rest_route=\/wp\/v2\/pages\/2356\/revisions"}],"wp:attachment":[{"href":"https:\/\/1institalastation.be\/index.php?rest_route=%2Fwp%2Fv2%2Fmedia&parent=2356"}],"curies":[{"name":"wp","href":"https:\/\/api.w.org\/{rel}","templated":true}]}}