{"id":1028,"date":"2019-11-11T18:41:53","date_gmt":"2019-11-11T18:41:53","guid":{"rendered":"http:\/\/1institalastation.be\/?page_id=1028"},"modified":"2021-01-18T22:16:00","modified_gmt":"2021-01-18T22:16:00","slug":"lautonomie","status":"publish","type":"page","link":"https:\/\/1institalastation.be\/?page_id=1028","title":{"rendered":"L&rsquo;autonomie"},"content":{"rendered":"\n<p>L&rsquo;autonomie est  partout au sein de ma classe.  Nous travaillons en fusion (les 3 classes) pour les ateliers autonomes..  La fusion permet un m\u00e9lange entre les 3 ann\u00e9es.. Les diff\u00e9rents espaces  (math\u00e9matique, fran\u00e7ais, art visuel, activit\u00e9s pratiques, affinement des sens, g\u00e9ographie) sont donc divis\u00e9s dans les 3 classes. <\/p>\n\n\n\n<p>La classe est am\u00e9nag\u00e9e afin que chaque enfant puisse \u00eatre autonome.  Nous effectuons aussi les ateliers plus dirig\u00e9s de fa\u00e7on autonome.. Je vous pr\u00e9sente tout \u00e7a \u00e0 travers le blog.<\/p>\n\n\n\n<figure class=\"wp-block-embed aligncenter is-type-video is-provider-vimeo wp-block-embed-vimeo wp-embed-aspect-9-16 wp-has-aspect-ratio\"><div class=\"wp-block-embed__wrapper\">\n<iframe loading=\"lazy\" title=\"l&#039;autonomie c&#039;est...\" src=\"https:\/\/player.vimeo.com\/video\/501937456?dnt=1&amp;app_id=122963\" width=\"563\" height=\"1000\" frameborder=\"0\" allow=\"autoplay; fullscreen; picture-in-picture\" allowfullscreen><\/iframe>\n<\/div><\/figure>\n","protected":false},"excerpt":{"rendered":"<p>L&rsquo;autonomie est partout au sein de ma classe. Nous travaillons en fusion (les 3 classes) pour les ateliers autonomes.. La fusion permet un m\u00e9lange entre les 3 ann\u00e9es.. Les diff\u00e9rents espaces (math\u00e9matique, fran\u00e7ais, art visuel, activit\u00e9s pratiques, affinement des sens, g\u00e9ographie) sont donc divis\u00e9s dans les 3 classes. La classe est am\u00e9nag\u00e9e afin que chaque enfant puisse \u00eatre autonome. Nous effectuons aussi les ateliers plus dirig\u00e9s de fa\u00e7on autonome.. Je vous pr\u00e9sente tout \u00e7a \u00e0 travers le blog.<\/p>\n","protected":false},"author":1,"featured_media":0,"parent":0,"menu_order":0,"comment_status":"open","ping_status":"closed","template":"","meta":{"footnotes":""},"class_list":["post-1028","page","type-page","status-publish","hentry"],"acf":[],"_links":{"self":[{"href":"https:\/\/1institalastation.be\/index.php?rest_route=\/wp\/v2\/pages\/1028","targetHints":{"allow":["GET"]}}],"collection":[{"href":"https:\/\/1institalastation.be\/index.php?rest_route=\/wp\/v2\/pages"}],"about":[{"href":"https:\/\/1institalastation.be\/index.php?rest_route=\/wp\/v2\/types\/page"}],"author":[{"embeddable":true,"href":"https:\/\/1institalastation.be\/index.php?rest_route=\/wp\/v2\/users\/1"}],"replies":[{"embeddable":true,"href":"https:\/\/1institalastation.be\/index.php?rest_route=%2Fwp%2Fv2%2Fcomments&post=1028"}],"version-history":[{"count":0,"href":"https:\/\/1institalastation.be\/index.php?rest_route=\/wp\/v2\/pages\/1028\/revisions"}],"wp:attachment":[{"href":"https:\/\/1institalastation.be\/index.php?rest_route=%2Fwp%2Fv2%2Fmedia&parent=1028"}],"curies":[{"name":"wp","href":"https:\/\/api.w.org\/{rel}","templated":true}]}}