{"id":1021,"date":"2019-11-11T17:39:31","date_gmt":"2019-11-11T17:39:31","guid":{"rendered":"http:\/\/1institalastation.be\/?page_id=1021"},"modified":"2019-11-11T17:39:32","modified_gmt":"2019-11-11T17:39:32","slug":"la-discipline-positive","status":"publish","type":"page","link":"https:\/\/1institalastation.be\/?page_id=1021","title":{"rendered":"La discipline positive"},"content":{"rendered":"<p style=\"text-align: center;\">L\u035f\u035fA\u035f\u035f D\u035f\u035fI\u035f\u035fS\u035f\u035fC\u035f\u035fI\u035f\u035fP\u035f\u035fL\u035f\u035fI\u035f\u035fN\u035f\u035fE\u035f\u035f P\u035f\u035fO\u035f\u035fS\u035f\u035fI\u035f\u035fT\u035f\u035fI\u035f\u035fV\u035f\u035fE\u035f\u035f D\u035f\u035fA\u035f\u035fN\u035f\u035fS\u035f\u035f L\u035f\u035fA\u035f\u035f C\u035f\u035fL\u035f\u035fA\u035f\u035fS\u035f\u035fS\u035f\u035fE\u035f\u035f<\/p>\n<p>Un livre que j&rsquo;ai d\u00e9couvert via Instagram..J\u2019\u00e9tais trop curieuse car il \u00e9tait dans mon cheminement de l\u2019ann\u00e9e&#8230;<\/p>\n<p><img loading=\"lazy\" decoding=\"async\" class=\"aligncenter wp-image-634 size-full\" src=\"https:\/\/lewebpedagogique.com\/1institalastation\/files\/2019\/08\/Capture-d\u2019\u00e9cran-2019-08-12-\u00e0-22.30.16.png\" alt=\"\" width=\"352\" height=\"473\" \/><\/p>\n<p>Je l\u2019avais commenc\u00e9 d\u00e9but juin et j\u2019avais un peu stagn\u00e9..Je m\u2019\u00e9tais donn\u00e9e le d\u00e9fis de le lire avant de commencer mes romans des vacances&#8230; C\u2019est fait&#8230;<br \/>\nUn bouquin qui donne une multitude d\u2019outil pour la classe&#8230;<img loading=\"lazy\" decoding=\"async\" class=\"aligncenter wp-image-630 size-full\" src=\"https:\/\/lewebpedagogique.com\/1institalastation\/files\/2019\/08\/Capture-d\u2019\u00e9cran-2019-08-12-\u00e0-22.13.48.png\" alt=\"\" width=\"409\" height=\"567\" \/><\/p>\n<p><img loading=\"lazy\" decoding=\"async\" class=\"aligncenter wp-image-631 size-full\" src=\"https:\/\/lewebpedagogique.com\/1institalastation\/files\/2019\/08\/Capture-d\u2019\u00e9cran-2019-08-12-\u00e0-22.13.54.png\" alt=\"\" width=\"463\" height=\"247\" \/><\/p>\n<p>On y retrouve aussi des tableaux pour aider et pouvoir analyser la situation avec facilit\u00e9 ..En voici une copie d\u00e9nich\u00e9e sur le site de<a href=\"https:\/\/www.google.com\/search?client=safari&amp;rls=en&amp;q=la+discipline+positive&amp;ie=UTF-8&amp;oe=UTF-8\"> la discipline positive<\/a>..<\/p>\n<p><img loading=\"lazy\" decoding=\"async\" class=\"aligncenter wp-image-632 size-full\" src=\"https:\/\/lewebpedagogique.com\/1institalastation\/files\/2019\/08\/Capture-d\u2019\u00e9cran-2019-08-12-\u00e0-22.27.20.png\" alt=\"\" width=\"562\" height=\"677\" \/><\/p>\n<p><img loading=\"lazy\" decoding=\"async\" class=\"aligncenter wp-image-633 size-full\" src=\"https:\/\/lewebpedagogique.com\/1institalastation\/files\/2019\/08\/Capture-d\u2019\u00e9cran-2019-08-12-\u00e0-22.27.31.png\" alt=\"\" width=\"770\" height=\"534\" \/><\/p>\n<p>Il est super enrichissant.. J\u2019ai maintenant quelques id\u00e9es \u00e0 concr\u00e9tiser pour la classe&#8230; Si vous vous posez des questions, si vous \u00eates curieux&#8230; Foncez&#8230;. Maintenant mon \ud83e\udde0 va dans tous les sens \ud83d\ude48.<\/p>\n<p><img loading=\"lazy\" decoding=\"async\" class=\"aligncenter wp-image-629 size-full\" src=\"https:\/\/lewebpedagogique.com\/1institalastation\/files\/2019\/08\/Capture-d\u2019\u00e9cran-2019-08-12-\u00e0-22.13.28-e1565642152806.png\" alt=\"\" width=\"562\" height=\"197\" \/><\/p>\n<p>A bient\u00f4t pour la suite des aventures avec la pratique en classe&#8230;<\/p>\n<p><iframe src=\"\/\/ws-eu.amazon-adsystem.com\/widgets\/q?ServiceVersion=20070822&amp;OneJS=1&amp;Operation=GetAdHtml&amp;MarketPlace=FR&amp;source=ac&amp;ref=tf_til&amp;ad_type=product_link&amp;tracking_id=1institalasta-21&amp;marketplace=amazon&amp;region=FR&amp;placement=2810007888&amp;asins=2810007888&amp;linkId=a16c8e94c5c69c1114896a2711c2ba00&amp;show_border=true&amp;link_opens_in_new_window=true&amp;price_color=333333&amp;title_color=0066c0&amp;bg_color=ffffff\" frameborder=\"0\">&lt;br \/&gt;<br \/>\n    <\/iframe><\/p>\n","protected":false},"excerpt":{"rendered":"<p>L\u035f\u035fA\u035f\u035f D\u035f\u035fI\u035f\u035fS\u035f\u035fC\u035f\u035fI\u035f\u035fP\u035f\u035fL\u035f\u035fI\u035f\u035fN\u035f\u035fE\u035f\u035f P\u035f\u035fO\u035f\u035fS\u035f\u035fI\u035f\u035fT\u035f\u035fI\u035f\u035fV\u035f\u035fE\u035f\u035f D\u035f\u035fA\u035f\u035fN\u035f\u035fS\u035f\u035f L\u035f\u035fA\u035f\u035f C\u035f\u035fL\u035f\u035fA\u035f\u035fS\u035f\u035fS\u035f\u035fE\u035f\u035f Un livre que j&rsquo;ai d\u00e9couvert via Instagram..J\u2019\u00e9tais trop curieuse car il \u00e9tait dans mon cheminement de l\u2019ann\u00e9e&#8230; Je l\u2019avais commenc\u00e9 d\u00e9but juin et j\u2019avais un peu stagn\u00e9..Je m\u2019\u00e9tais donn\u00e9e le d\u00e9fis de le lire avant de commencer mes romans des vacances&#8230; C\u2019est fait&#8230; Un bouquin qui donne une multitude d\u2019outil pour la classe&#8230; On y retrouve aussi des tableaux pour aider et pouvoir analyser la situation avec facilit\u00e9 ..En voici une copie d\u00e9nich\u00e9e sur le site de la discipline positive.. Il est super enrichissant.. J\u2019ai maintenant quelques id\u00e9es \u00e0 concr\u00e9tiser pour la classe&#8230; Si vous vous posez des questions, si vous \u00eates curieux&#8230; Foncez&#8230;. Maintenant mon \ud83e\udde0 va dans tous les sens \ud83d\ude48. A bient\u00f4t pour la suite des aventures avec la pratique en classe&#8230; &lt;br \/&gt;<\/p>\n","protected":false},"author":1,"featured_media":0,"parent":0,"menu_order":0,"comment_status":"closed","ping_status":"closed","template":"","meta":{"footnotes":""},"class_list":["post-1021","page","type-page","status-publish","hentry"],"acf":[],"_links":{"self":[{"href":"https:\/\/1institalastation.be\/index.php?rest_route=\/wp\/v2\/pages\/1021","targetHints":{"allow":["GET"]}}],"collection":[{"href":"https:\/\/1institalastation.be\/index.php?rest_route=\/wp\/v2\/pages"}],"about":[{"href":"https:\/\/1institalastation.be\/index.php?rest_route=\/wp\/v2\/types\/page"}],"author":[{"embeddable":true,"href":"https:\/\/1institalastation.be\/index.php?rest_route=\/wp\/v2\/users\/1"}],"replies":[{"embeddable":true,"href":"https:\/\/1institalastation.be\/index.php?rest_route=%2Fwp%2Fv2%2Fcomments&post=1021"}],"version-history":[{"count":0,"href":"https:\/\/1institalastation.be\/index.php?rest_route=\/wp\/v2\/pages\/1021\/revisions"}],"wp:attachment":[{"href":"https:\/\/1institalastation.be\/index.php?rest_route=%2Fwp%2Fv2%2Fmedia&parent=1021"}],"curies":[{"name":"wp","href":"https:\/\/api.w.org\/{rel}","templated":true}]}}